{"id":1072,"date":"2020-10-29T14:23:08","date_gmt":"2020-10-29T13:23:08","guid":{"rendered":"http:\/\/alpenrind.doppelpack6.at\/certification\/"},"modified":"2023-09-26T07:46:09","modified_gmt":"2023-09-26T05:46:09","slug":"certification","status":"publish","type":"page","link":"https:\/\/www.alpenrind.at\/en\/quality\/certification\/","title":{"rendered":"Certification"},"content":{"rendered":"\n<h2 class=\"wp-block-heading has-text-align-center\">Recognized standards ensure the highest product quality<\/h2>\n\n<p class=\"has-text-align-center\">The self-monitoring system of ALPENRIND was developed according to the principles of <a rel=\"noreferrer noopener\" href=\"http:\/\/www.codexalimentarius.org\/\" target=\"_blank\">Codex-Alimentarius<\/a>and is also based on current scientific and technical knowledge of food safety. Humane animal transports and the latest technology ensure high quality and ongoing monitoring of live cattle by veterinarians and animal welfare officers. The beef is stored, processed, packaged and aged in ultra-modern refrigerators and then delivered \u2013 without interrupting the cold chain.<\/p>\n\r\n<div id=\"dp-logos-block_ff2f056be0933bf4a675b4c8fbc2ca94\" class=\"dp-logos\">\r\n\r\n            <ul>\r\n\r\n                            <li>\r\n                                            <a href=\"#ifs\" target=\"_self\">\r\n                            <img decoding=\"async\" src=\"https:\/\/www.alpenrind.at\/wp-content\/uploads\/logo-ifs.png\" alt=\"Logo IFS Food\" \/>\r\n                        <\/a>\r\n                                        <\/li>\r\n                                <li>\r\n                                            <a href=\"#haccp\" target=\"_self\">\r\n                            <img decoding=\"async\" src=\"https:\/\/www.alpenrind.at\/wp-content\/uploads\/logo-haccp.png\" alt=\"Logo HACCP\" \/>\r\n                        <\/a>\r\n                                        <\/li>\r\n                                <li>\r\n                                            <a href=\"#eu-bio\" target=\"_self\">\r\n                            <img decoding=\"async\" src=\"https:\/\/www.alpenrind.at\/wp-content\/uploads\/eu-organic-logo.png\" alt=\"EU Bio-Siegel\" \/>\r\n                        <\/a>\r\n                                        <\/li>\r\n                                <li>\r\n                                            <a href=\"#ama-quality-seal\" target=\"_self\">\r\n                            <img decoding=\"async\" src=\"https:\/\/www.alpenrind.at\/wp-content\/uploads\/ama-guetesiegel.png\" alt=\"AMA quality seal\" \/>\r\n                        <\/a>\r\n                                        <\/li>\r\n                                <li>\r\n                                            <a href=\"#bos\" target=\"_self\">\r\n                            <img decoding=\"async\" src=\"https:\/\/www.alpenrind.at\/wp-content\/uploads\/logo-bos.png\" alt=\"\">\r\n                        <\/a>\r\n                                        <\/li>\r\n                \r\n        <\/ul>\r\n        \r\n<\/div>\n<div class=\"wp-block-media-text alignfull has-media-on-the-right is-stacked-on-mobile is-image-fill has-accent-background-color has-background\"><div class=\"wp-block-media-text__content\">\n<h3 class=\"wp-block-heading has-text-align-center\" id=\"ifs\">IFS Food guarantees the highest standards<\/h3>\n\n\n\n<p class=\"has-text-align-center\">ALPENRIND ist nach IFS (International Featured Standards) Food 7 zertifiziert. IFS ist der\u00a0meist angewandte Standard im Handel in Europa\u00a0und gilt als Regelwerk f\u00fcr die Beurteilung des Qualit\u00e4ts- und Risikomanagementsystems von Eigenmarkenlieferanten. Er beschreibt ausgew\u00e4hlte\u00a0Qualit\u00e4ts- und Hygienekriterien, die ALPENRIND in allen\u00a0Prozessen einh\u00e4lt. Die IFS-Zertifizierung erfolgt durch die unabh\u00e4ngige Zertifizierungsstelle SAI Global. Speziell geschultes Personal, ein hoher technischer Standard und eine straffe Unternehmensstruktur sind Grundvoraussetzungen, um diesen hohen Standard zu (er)halten.<\/p>\n\n\n\n<p class=\"has-text-align-center\"><a href=\"https:\/\/www.ifs-certification.com\/index.php\/de\/ifs\" target=\"_blank\" rel=\"noreferrer noopener\">More about IFS Food<\/a> <\/p>\n<\/div><figure class=\"wp-block-media-text__media\" style=\"background-image:url(https:\/\/www.alpenrind.at\/wp-content\/uploads\/Hygieneschleuse01-1024x683.jpg);background-position:48% 45%\"><img decoding=\"async\" width=\"1024\" height=\"683\" src=\"https:\/\/www.alpenrind.at\/wp-content\/uploads\/Hygieneschleuse01-1024x683.jpg\" alt=\"\" class=\"wp-image-585 size-full\" srcset=\"https:\/\/www.alpenrind.at\/wp-content\/uploads\/Hygieneschleuse01-1024x683.jpg 1024w, https:\/\/www.alpenrind.at\/wp-content\/uploads\/Hygieneschleuse01-300x200.jpg 300w, https:\/\/www.alpenrind.at\/wp-content\/uploads\/Hygieneschleuse01-768x512.jpg 768w, https:\/\/www.alpenrind.at\/wp-content\/uploads\/Hygieneschleuse01-1680x1120.jpg 1680w, https:\/\/www.alpenrind.at\/wp-content\/uploads\/Hygieneschleuse01-600x400.jpg 600w\" sizes=\"(max-width: 1024px) 100vw, 1024px\" \/><\/figure><\/div>\n\n<div class=\"wp-block-media-text alignfull is-stacked-on-mobile is-image-fill has-accent-background-color has-background\"><figure class=\"wp-block-media-text__media\" style=\"background-image:url(https:\/\/www.alpenrind.at\/wp-content\/uploads\/\/Neues_Vakuumhu\u0748hlhaus04-scaled-e1634208522269-1024x921.jpg);background-position:50% 50%\"><img decoding=\"async\" src=\"https:\/\/www.alpenrind.at\/wp-content\/uploads\/\/Neues_Vakuumhu\u0748hlhaus04-scaled-e1634208522269-1024x921.jpg\" alt=\"\" class=\"wp-image-575 size-full\"><\/figure><div class=\"wp-block-media-text__content\">\n<h3 class=\"wp-block-heading has-text-align-center\" id=\"haccp\">HACCP is designed to protect consumers<\/h3>\n\n\n\n<p class=\"has-text-align-center\">HACCP (Hazard Analysis and Critical Control Points) ist <g class=\"gr_ gr_8 gr-alert gr_spell gr_inline_cards gr_disable_anim_appear ContextualSpelling\" id=\"8\" data-gr-id=\"8\">ein<\/g> <g class=\"gr_ gr_7 gr-alert gr_spell gr_inline_cards gr_disable_anim_appear ContextualSpelling ins-del multiReplace\" id=\"7\" data-gr-id=\"7\">internationales<\/g>\u00a0Risikomanagementsystem\u00a0f\u00fcr Unternehmen, die Lebensmittel herstellen, behandeln, bearbeiten, lagern, transportieren und verkaufen. Es soll gew\u00e4hrleisten, dass alle Einfl\u00fcsse, die eine Erkrankung des Menschen durch einen Verzehr von Lebensmitteln verursachen k\u00f6nnen, ausgeschaltet werden. Das HACCP-System hat seine Urspr\u00fcnge in der Zusammenarbeit von WHO und FAO zur Verbesserung der Gesundheitsvorsorge und Lebensmittelsicherheit.\u00a0<\/p>\n<\/div><\/div>\n\n<div class=\"wp-block-media-text alignfull has-media-on-the-right is-stacked-on-mobile is-image-fill has-accent-background-color has-background\"><div class=\"wp-block-media-text__content\">\n<h3 class=\"wp-block-heading has-text-align-center\" id=\"eu-bio\">Strict control systems for EU bio certification<\/h3>\n\n\n\n<p class=\"has-text-align-center\">About 10% of Austrian farmers (20,000) work according to a biodynamic subsistence strategy \u2013 this figure points to Austria\u2019s international leadership role in organic production. The guidelines of the EU organic seal are very strict: EU-wide rules for organic farming cover the entire supply chain from production to control to labeling.<\/p>\n<\/div><figure class=\"wp-block-media-text__media\" style=\"background-image:url(https:\/\/www.alpenrind.at\/wp-content\/uploads\/Schockfroster03-scaled-e1620717283312-887x1024.jpg);background-position:50% 50%\"><img decoding=\"async\" src=\"https:\/\/www.alpenrind.at\/wp-content\/uploads\/Schockfroster03-scaled-e1620717283312-887x1024.jpg\" alt=\"\" class=\"wp-image-580 size-full\"><\/figure><\/div>\n\n<div class=\"wp-block-media-text alignfull is-stacked-on-mobile is-image-fill has-accent-background-color has-background\"><figure class=\"wp-block-media-text__media\" style=\"background-image:url(https:\/\/www.alpenrind.at\/wp-content\/uploads\/\/Tiefziehmaschine01-1-1024x1012.jpg);background-position:50% 50%\"><img decoding=\"async\" src=\"https:\/\/www.alpenrind.at\/wp-content\/uploads\/\/Tiefziehmaschine01-1-1024x1012.jpg\" alt=\"\" class=\"wp-image-592 size-full\"><\/figure><div class=\"wp-block-media-text__content\">\n<h3 class=\"wp-block-heading has-text-align-center\" id=\"ama-guetesiegel\">AMA quality seal: quality meat from Austria<\/h3>\n\n\n\n<p class=\"has-text-align-center\">Meat awarded the <a href=\"https:\/\/amainfo.at\/konsumenten\/siegel\/ama-guetesiegel\/ama-guetesiegel-bei-fleisch\" target=\"_blank\" rel=\"noreferrer noopener\">AMA quality seal<\/a> is certain to come from Austria, has excellent quality and is subject to rigorously independent controls at all marketing stages \u2013 from the farm to the point of sale. Each AMA meat processing at ALPENRIND is accompanied and controlled by SGS Austria Control (independent inspection body). The guidelines for the AMA quality seal program surpass the already exemplary international regulations for meat production and processing in Austria. <\/p>\n\n\n\n<p class=\"has-text-align-center\"><a href=\"https:\/\/amainfo.at\/konsumenten\/siegel\/ama-guetesiegel\/ama-guetesiegel-bei-fleisch\" target=\"_blank\" rel=\"noreferrer noopener\">More about AMA quality seal <\/a><\/p>\n<\/div><\/div>\n\n<div class=\"wp-block-media-text alignfull has-media-on-the-right is-stacked-on-mobile is-image-fill has-accent-background-color has-background\"><div class=\"wp-block-media-text__content\">\n<h3 class=\"wp-block-heading has-text-align-center\" id=\"bos\">Full traceability with proof of origin and processing<\/h3>\n\n\n\n<p class=\"has-text-align-center\">Each piece of meat ALPENRIND produces can be fully traced. Among other things, this is guaranteed by the standard <a href=\"https:\/\/amainfo.at\/teilnehmer\/fleisch-kennzeichnung\/rindfleisch-bos\/richtlinie-informationen\" target=\"_blank\" rel=\"noreferrer noopener\">\u201cbos\u201d<\/a> labeling system. The quality seal was jointly developed by Agramarkt Austria (AMA) and the Austrian Federal Economic Chamber and requires full documentation of the flow of goods. In addition to this basic marking, further certifications are possible.<\/p>\n<\/div><figure class=\"wp-block-media-text__media\" style=\"background-image:url(https:\/\/www.alpenrind.at\/wp-content\/uploads\/Reinigungskontrolle07-1024x704.jpg);background-position:39% 88%\"><img decoding=\"async\" width=\"1024\" height=\"704\" src=\"https:\/\/www.alpenrind.at\/wp-content\/uploads\/Reinigungskontrolle07-1024x704.jpg\" alt=\"\" class=\"wp-image-582 size-full\" srcset=\"https:\/\/www.alpenrind.at\/wp-content\/uploads\/Reinigungskontrolle07-1024x704.jpg 1024w, https:\/\/www.alpenrind.at\/wp-content\/uploads\/Reinigungskontrolle07-300x206.jpg 300w, https:\/\/www.alpenrind.at\/wp-content\/uploads\/Reinigungskontrolle07-768x528.jpg 768w\" sizes=\"(max-width: 1024px) 100vw, 1024px\" \/><\/figure><\/div>\n\n<p class=\"has-text-align-center\"><a href=\"https:\/\/www.alpenrind.at\/en\/quality\/traceability\/\">More information on traceability of ALPENRIND products!<\/a><\/p>\n","protected":false},"excerpt":{"rendered":"<p>The self-monitoring system of ALPENRIND was developed according to the principles of Codex-Alimentariusand is also based on current scientific and technical knowledge of food safety.<\/p>\n","protected":false},"author":2,"featured_media":586,"parent":1127,"menu_order":2,"comment_status":"closed","ping_status":"closed","template":"","meta":{"_acf_changed":false,"footnotes":""},"class_list":["post-1072","page","type-page","status-publish","has-post-thumbnail","hentry"],"acf":[],"_links":{"self":[{"href":"https:\/\/www.alpenrind.at\/en\/wp-json\/wp\/v2\/pages\/1072","targetHints":{"allow":["GET"]}}],"collection":[{"href":"https:\/\/www.alpenrind.at\/en\/wp-json\/wp\/v2\/pages"}],"about":[{"href":"https:\/\/www.alpenrind.at\/en\/wp-json\/wp\/v2\/types\/page"}],"author":[{"embeddable":true,"href":"https:\/\/www.alpenrind.at\/en\/wp-json\/wp\/v2\/users\/2"}],"replies":[{"embeddable":true,"href":"https:\/\/www.alpenrind.at\/en\/wp-json\/wp\/v2\/comments?post=1072"}],"version-history":[{"count":40,"href":"https:\/\/www.alpenrind.at\/en\/wp-json\/wp\/v2\/pages\/1072\/revisions"}],"predecessor-version":[{"id":4876,"href":"https:\/\/www.alpenrind.at\/en\/wp-json\/wp\/v2\/pages\/1072\/revisions\/4876"}],"up":[{"embeddable":true,"href":"https:\/\/www.alpenrind.at\/en\/wp-json\/wp\/v2\/pages\/1127"}],"wp:featuredmedia":[{"embeddable":true,"href":"https:\/\/www.alpenrind.at\/en\/wp-json\/wp\/v2\/media\/586"}],"wp:attachment":[{"href":"https:\/\/www.alpenrind.at\/en\/wp-json\/wp\/v2\/media?parent=1072"}],"curies":[{"name":"wp","href":"https:\/\/api.w.org\/{rel}","templated":true}]}}