{"id":1687,"date":"2020-11-19T16:32:05","date_gmt":"2020-11-19T15:32:05","guid":{"rendered":"https:\/\/www.alpenrind.at\/versand__lieferung\/"},"modified":"2021-03-31T09:33:31","modified_gmt":"2021-03-31T07:33:31","slug":"versand__lieferung","status":"publish","type":"page","link":"https:\/\/www.alpenrind.at\/en\/versand__lieferung\/","title":{"rendered":"Versand &amp; Zahlung"},"content":{"rendered":"\n<h2 class=\"has-text-align-center wp-block-heading\">ALPENRIND Onlineshop<\/h2>\n\n<div style=\"height:40px\" aria-hidden=\"true\" class=\"wp-block-spacer\"><\/div>\n\n<p><strong>a) Versand und Lieferung<\/strong><\/p>\n\n<p>Die Lieferungen werden ausschlie\u00dflich innerhalb \u00d6sterreichs durch die \u00d6sterreichische Post AG in daf\u00fcr vorgesehenen K\u00fchlboxen durchgef\u00fchrt. Bestellungen, die ab Donnerstag bei uns eingehen, werden am Montag darauf bearbeitet und verschickt. Ihre Bestellungen werden in<\/p>\n\n<ul class=\"wp-block-list\"><li>hochmodernen Isolierboxen mit K\u00fchlakkus versendet, welche speziell f\u00fcr gek\u00fchlte Ware entwickelt wurden.<\/li><li>Die Paketzustellung erfolgt innerhalb von 24 bis 48 Stunden nach \u00dcbergabe an den Transporteur.<\/li><li>Sie erhalten eine Information zu welchem Zeitpunkt die Lieferung voraussichtlich bei Ihnen angeliefert wird.<\/li><li>Der Versand ist kostenfrei.<\/li><li>F\u00fcr den Versand von gek\u00fchlter Ware gilt eine generelle Abstellgenehmigung (sofern am Lieferort m\u00f6glich). Die Versendung erfolgt innerhalb von f\u00fcnf Werktagen.<\/li><\/ul>\n<p><strong>b) R\u00fcckversand<\/strong><\/p>\n\n<p>Nach der Entnahme Ihrer bestellten Ware ist die gesamte Isolierbox wieder an den Absender zu retourniert werden. Dieser R\u00fcckversand ist nat\u00fcrlich kostenlos.<\/p>\n\n<p><strong>Und so wird\u00b4s gemacht:<\/strong><\/p>\n\n<p>Kleben Sie den beigelegten Retouren-Aufkleber \u00fcber das Versandetikett<br\/>auf dem Deckel der Box.<\/p>\n\n<figure class=\"wp-block-image size-large\"><a href=\"https:\/\/www.alpenrind.at\/wp-content\/uploads\/Versandettikett-und-Kuehlbox.jpg\"><img decoding=\"async\" width=\"398\" height=\"549\" src=\"https:\/\/www.alpenrind.at\/wp-content\/uploads\/Versandettikett-und-Kuehlbox.jpg\" alt=\"Versandettikett an K&#xFC;hlbox anbringen\" class=\"wp-image-1566\" srcset=\"https:\/\/www.alpenrind.at\/wp-content\/uploads\/Versandettikett-und-Kuehlbox.jpg 398w, https:\/\/www.alpenrind.at\/wp-content\/uploads\/Versandettikett-und-Kuehlbox-217x300.jpg 217w\" sizes=\"(max-width: 398px) 100vw, 398px\" \/><\/a><\/figure>\n<p>Lassen Sie die K\u00fchlakkus und Trennw\u00e4nde in der Post-Isolierbox.<\/p>\n\n<figure class=\"wp-block-image size-large\"><a href=\"https:\/\/www.alpenrind.at\/wp-content\/uploads\/Kuehlakkus-und-Trennwaende.jpg\"><img decoding=\"async\" width=\"421\" height=\"231\" src=\"https:\/\/www.alpenrind.at\/wp-content\/uploads\/Kuehlakkus-und-Trennwaende.jpg\" alt=\"K&#xFC;hlakkus und Trennw&#xE4;nde in K&#xFC;hlbox zur&#xFC;cksenden\" class=\"wp-image-1568\" srcset=\"https:\/\/www.alpenrind.at\/wp-content\/uploads\/Kuehlakkus-und-Trennwaende.jpg 421w, https:\/\/www.alpenrind.at\/wp-content\/uploads\/Kuehlakkus-und-Trennwaende-300x165.jpg 300w\" sizes=\"(max-width: 421px) 100vw, 421px\" \/><\/a><\/figure>\n<p>Entnehmen Sie die beigelegten Steckplomben und verschlie\u00dfen Sie dann die Isolierbox, indem Sie den Deckelfest auf der Box andr\u00fccken.<\/p>\n\n<p>Fixieren Sie nun den Deckel rechts und links mit den Steckplomben f\u00fcr den R\u00fcckversand.<\/p>\n\n<figure class=\"wp-block-image size-large\"><a href=\"https:\/\/www.alpenrind.at\/wp-content\/uploads\/Steckplomben.jpg\"><img decoding=\"async\" width=\"187\" height=\"129\" src=\"https:\/\/www.alpenrind.at\/wp-content\/uploads\/Steckplomben.jpg\" alt=\"Steckplomben an K&#xFC;hlbox anbringen\" class=\"wp-image-1570\"\/><\/a><\/figure>\n<p>Versenden Sie die Isolierbox einfach in einer der 1.800 Post-Gesch\u00e4ftsstellen oder geben Sie die Box Ihrem Zusteller der Post mit, wenn er ein Paket f\u00fcr Sie bringt.<\/p>\n\n<p><strong>Vielen Dank f\u00fcr Ihre Unterst\u00fctzung!<\/strong><\/p>\n\n<div class=\"wp-block-buttons is-layout-flex wp-block-buttons-is-layout-flex\">\n<div class=\"wp-block-button\"><a class=\"wp-block-button__link\" href=\"https:\/\/www.alpenrind.at\/wp-content\/uploads\/Merkblatt-fuer-Retoure-Isolierbox.pdf\" target=\"_blank\" rel=\"noreferrer noopener\">Download Merkblatt<\/a><\/div>\n<\/div>\n\n<p><strong>Zahlungsbedingungen<\/strong><\/p>\n\n<p>Als Zahlungsm\u00f6glichkeiten stehen in unserem Shop zur Verf\u00fcgung:<\/p>\n\n<ul class=\"wp-block-list\"><li>Kreditkarte bzw. Debitkarte (Visa, Mastercard, American Express)<br\/>In Zusammenarbeit mit Stripe Inc., 510 Tonwsend Street, San Francisco, CA 94103, USA bieten wir die folgenden Zahlungsoptionen an. Die Zahlung erfolgt jeweils an Stripe:<\/li><li>Kreditkarte bzw. Debitkarte (Visa, Mastercard, American Express)<\/li><\/ul>\n<p>Bitte haben Sie Verst\u00e4ndnis daf\u00fcr, dass wir Ihnen nur die jeweiligen im Onlineshop vorgesehenen Zahlarten anbieten k\u00f6nnen. Weitere Informationen, Nutzungsbedingungen und mehr finden Sie <a rel=\"noreferrer noopener\" href=\"https:\/\/stripe.com\/at\/privacy\" target=\"_blank\">HIER<\/a>. Allgemeine Informationen zu Stripe erhalten Sie <a rel=\"noreferrer noopener\" href=\"https:\/\/stripe.com\" target=\"_blank\">HIER<\/a>. Ihre Personenangaben werden von Stripe in \u00dcbereinstimmung mit den geltenden Datenschutzbestimmungen und entsprechend den Angaben in den Datenschutzbestimmungen von Stripe behandelt.<br\/>Die Cookie Policy von Stripe finden sie <a href=\"https:\/\/stripe.com\/cookies-policy\/legal\" target=\"_blank\" rel=\"noreferrer noopener\">HIER<\/a>.<\/p>\n","protected":false},"excerpt":{"rendered":"<p>ALPENRIND Onlineshop a) Versand und Lieferung Die Lieferungen werden ausschlie\u00dflich innerhalb \u00d6sterreichs durch die \u00d6sterreichische Post AG in daf\u00fcr vorgesehenen K\u00fchlboxen durchgef\u00fchrt. Bestellungen, die ab Donnerstag bei uns&hellip;<\/p>\n","protected":false},"author":2,"featured_media":0,"parent":0,"menu_order":103,"comment_status":"closed","ping_status":"closed","template":"","meta":{"_acf_changed":false,"footnotes":""},"class_list":["post-1687","page","type-page","status-publish","has-post-thumbnail","hentry"],"acf":[],"_links":{"self":[{"href":"https:\/\/www.alpenrind.at\/en\/wp-json\/wp\/v2\/pages\/1687","targetHints":{"allow":["GET"]}}],"collection":[{"href":"https:\/\/www.alpenrind.at\/en\/wp-json\/wp\/v2\/pages"}],"about":[{"href":"https:\/\/www.alpenrind.at\/en\/wp-json\/wp\/v2\/types\/page"}],"author":[{"embeddable":true,"href":"https:\/\/www.alpenrind.at\/en\/wp-json\/wp\/v2\/users\/2"}],"replies":[{"embeddable":true,"href":"https:\/\/www.alpenrind.at\/en\/wp-json\/wp\/v2\/comments?post=1687"}],"version-history":[{"count":8,"href":"https:\/\/www.alpenrind.at\/en\/wp-json\/wp\/v2\/pages\/1687\/revisions"}],"predecessor-version":[{"id":3057,"href":"https:\/\/www.alpenrind.at\/en\/wp-json\/wp\/v2\/pages\/1687\/revisions\/3057"}],"wp:attachment":[{"href":"https:\/\/www.alpenrind.at\/en\/wp-json\/wp\/v2\/media?parent=1687"}],"curies":[{"name":"wp","href":"https:\/\/api.w.org\/{rel}","templated":true}]}}