{"id":1688,"date":"2020-11-19T16:32:05","date_gmt":"2020-11-19T15:32:05","guid":{"rendered":"https:\/\/www.alpenrind.at\/widerruf\/"},"modified":"2020-11-24T12:34:37","modified_gmt":"2020-11-24T11:34:37","slug":"widerruf","status":"publish","type":"page","link":"https:\/\/www.alpenrind.at\/en\/widerruf\/","title":{"rendered":"Returns"},"content":{"rendered":"\n<h2 class=\"has-text-align-center wp-block-heading\">Widerrufsrecht<\/h2>\n\n\n\n<div style=\"height:50px\" aria-hidden=\"true\" class=\"wp-block-spacer\"><\/div>\n\n\n\n<p>Sie haben das Recht den Vertrag binnen vierzehn Tagen ohne Angabe von Gr\u00fcnden zu widerrufen. Die Widerrufsfrist betr\u00e4gt vierzehn Tage ab dem Tag, an dem Sie oder ein von Ihnen benannter Dritter, der nicht der Bef\u00f6rderer ist, die letzte Ware in Besitz genommen haben bzw. hat.<\/p>\n\n\n\n<p>Um Ihr Widerrufsrecht auszu\u00fcben, ist es ausreichen der ALPENRIND GmbH, Metzgerstra\u00dfe 67, 5020 Salzburg mittels einer eindeutigen Erkl\u00e4rung den Entschluss des Widerrufes anzuzeigen. Dies kann beispielsweise mittels E-Mail an <a href=\"mailto:webshop@alpenrind.at\">webshop@alpenrind.at<\/a>, per Post oder durch Verwendung und \u00dcbermittlung des Widerrufsformulars erfolgen.<\/p>\n\n\n\n<p>Die Verwendung des bereitgestellten <a href=\"https:\/\/www.alpenrind.at\/wp-content\/uploads\/Widerrufsformular-Alpenrind.pdf\" target=\"_blank\" rel=\"noreferrer noopener\">Musterformulars<\/a> ist m\u00f6glich, jedoch nicht zwingend vorgeschrieben. Dieses kann anschlie\u00dfend an uns \u00fcbermittelt werden.<\/p>\n\n\n\n<div class=\"wp-block-buttons is-layout-flex wp-block-buttons-is-layout-flex\">\n<div class=\"wp-block-button\"><a class=\"wp-block-button__link\" href=\"https:\/\/www.alpenrind.at\/wp-content\/uploads\/Widerrufsformular-Alpenrind.pdf\" target=\"_blank\" rel=\"noreferrer noopener\">Download Widerrufsformular<\/a><\/div>\n<\/div>\n\n\n\n<p>Sie erhalten nach Eingang des Widerrufs eine schriftliche Best\u00e4tigung per E-Mail von uns.<\/p>\n\n\n\n<p>Zur Wahrung der Widerrufsfrist reicht es aus, dass Sie die Mitteilung \u00fcber die Aus\u00fcbung des Widerrufsrechts vor Ablauf der Widerrufsfrist zeitgerecht abgesendet haben .<\/p>\n\n\n\n<p><strong>Folgen des Widerrufs<\/strong><\/p>\n\n\n\n<p>Nach Widerruf werden wir Ihnen alle Zahlungen, die wir von Ihnen erhalten haben einschlie\u00dflich der Lieferkosten (mit Ausnahme der zus\u00e4tzlichen Kosten, die sich daraus ergeben, dass Sie eine andere Art der Lieferung als die von uns angebotene, g\u00fcnstigste Standardlieferung gew\u00e4hlt haben) unverz\u00fcglich und sp\u00e4testens binnen vierzehn Tagen ab dem Tag zur\u00fcckzuzahlen, an dem die Mitteilung \u00fcber Ihren Widerruf dieses Vertrags bei uns eingegangen ist.<\/p>\n\n\n\n<p>F\u00fcr diese R\u00fcckzahlung verwenden wir dasselbe Zahlungsmittel, welches Sie bei der urspr\u00fcnglichen Transaktion eingesetzt haben, es sei denn, mit Ihnen wurde ausdr\u00fccklich etwas anderes vereinbart; in keinem Fall werden Ihnen wegen dieser R\u00fcckzahlung Entgelte berechnet. Wir k\u00f6nnen die R\u00fcckzahlung verweigern, bis wir die Waren wieder zur\u00fcckerhalten haben oder bis Sie den Nachweis erbracht haben, dass Sie die Waren zur\u00fcckgesandt haben, je nachdem, welches der fr\u00fchere Zeitpunkt ist.<\/p>\n\n\n\n<p>Sie haben die Waren unverz\u00fcglich und in jedem Fall sp\u00e4testens binnen vierzehn Tagen ab dem Tag, an dem Sie uns \u00fcber den Widerruf dieses Vertrags unterrichten, an uns zur\u00fcckzusenden oder zu \u00fcbergeben. Die Frist ist gewahrt, wenn Sie die Waren vor Ablauf der Frist von vierzehn Tagen absenden.<br>Sie tragen die unmittelbaren Kosten der R\u00fccksendung der Waren.<br>Sie m\u00fcssen f\u00fcr einen etwaigen Wertverlust der Waren nur aufkommen, wenn dieser Wertverlust auf einen zur Pr\u00fcfung der Beschaffenheit, Eigenschaften und Funktionsweise der Waren nicht notwendigen Umgang mit ihnen zur\u00fcckzuf\u00fchren ist (zB Unterbrechung der Lieferkette).<br><br>Ausschluss bzw. vorzeitiges Erl\u00f6schen des Widerrufsrechts<br>Das Widerrufsrecht besteht nicht bei Vertr\u00e4gen zur Lieferung von Waren, die schnell verderben k\u00f6nnen oder deren Verfallsdatum schnell \u00fcberschritten w\u00fcrde.<\/p>\n\n\n\n<p><strong>Allgemeine Hinweise<\/strong><\/p>\n\n\n\n<p>1) Bitte vermeiden Sie Besch\u00e4digungen und Verunreinigungen der Ware. Senden Sie die Ware bitte in Originalverpackung mit s\u00e4mtlichem Zubeh\u00f6r und mit allen Verpackungsbestandteilen an uns zur\u00fcck. Verwenden Sie ggf. eine sch\u00fctzende Umverpackung. Wenn Sie die Originalverpackung nicht mehr besitzen, sorgen Sie bitte mit einer geeigneten Verpackung f\u00fcr einen ausreichenden Schutz vor Transportsch\u00e4den.<\/p>\n\n\n\n<p>2) Senden Sie die Ware bitte nicht unfrei an uns zur\u00fcck.<\/p>\n\n\n\n<p>3) Bitte beachten Sie, dass die vorgenannten Ziffern 1-2 nicht Voraussetzung f\u00fcr die wirksame Aus\u00fcbung des Widerrufsrechts sind.<\/p>\n","protected":false},"excerpt":{"rendered":"<p>Widerrufsrecht Sie haben das Recht den Vertrag binnen vierzehn Tagen ohne Angabe von Gr\u00fcnden zu widerrufen. Die Widerrufsfrist betr\u00e4gt vierzehn Tage ab dem Tag, an dem Sie oder&hellip;<\/p>\n","protected":false},"author":2,"featured_media":0,"parent":0,"menu_order":105,"comment_status":"closed","ping_status":"closed","template":"","meta":{"_acf_changed":false,"footnotes":""},"class_list":["post-1688","page","type-page","status-publish","has-post-thumbnail","hentry"],"acf":[],"_links":{"self":[{"href":"https:\/\/www.alpenrind.at\/en\/wp-json\/wp\/v2\/pages\/1688","targetHints":{"allow":["GET"]}}],"collection":[{"href":"https:\/\/www.alpenrind.at\/en\/wp-json\/wp\/v2\/pages"}],"about":[{"href":"https:\/\/www.alpenrind.at\/en\/wp-json\/wp\/v2\/types\/page"}],"author":[{"embeddable":true,"href":"https:\/\/www.alpenrind.at\/en\/wp-json\/wp\/v2\/users\/2"}],"replies":[{"embeddable":true,"href":"https:\/\/www.alpenrind.at\/en\/wp-json\/wp\/v2\/comments?post=1688"}],"version-history":[{"count":3,"href":"https:\/\/www.alpenrind.at\/en\/wp-json\/wp\/v2\/pages\/1688\/revisions"}],"predecessor-version":[{"id":1730,"href":"https:\/\/www.alpenrind.at\/en\/wp-json\/wp\/v2\/pages\/1688\/revisions\/1730"}],"wp:attachment":[{"href":"https:\/\/www.alpenrind.at\/en\/wp-json\/wp\/v2\/media?parent=1688"}],"curies":[{"name":"wp","href":"https:\/\/api.w.org\/{rel}","templated":true}]}}