{"id":1718,"date":"2020-11-23T09:48:44","date_gmt":"2020-11-23T08:48:44","guid":{"rendered":"https:\/\/www.alpenrind.at\/allgemeine-geschaeftsbedingungen-online-shop\/"},"modified":"2020-11-24T11:43:22","modified_gmt":"2020-11-24T10:43:22","slug":"allgemeine-geschaeftsbedingungen-online-shop","status":"publish","type":"page","link":"https:\/\/www.alpenrind.at\/en\/allgemeine-geschaeftsbedingungen-online-shop\/","title":{"rendered":"General terms and conditions &#8211; online shop"},"content":{"rendered":"\n<h2 class=\"has-text-align-center wp-block-heading\">ALPENRIND<\/h2>\n\n\n\n<div style=\"height:50px\" aria-hidden=\"true\" class=\"wp-block-spacer\"><\/div>\n\n\n\n<p><strong>Kontaktdaten des Anbieters:<\/strong><br>ALPENRIND GmbH<br>Metzgerstra\u00dfe 67<br>5020 Salzburg<br>E-Mail: <a href=\"mailto:webshop@alpenrind.at\">webshop@alpenrind.at<\/a><\/p>\n\n\n\n<p>UID-Nummer: ATU43716608<br>Firmenbuch: FN 165615 b<br>Gerichtsstand: Salzburg<\/p>\n\n\n\n<p><strong>Allgemeines<\/strong><\/p>\n\n\n\n<p>Aus Gr\u00fcnden der leichteren Lesbarkeit wird auf den folgenden Seiten die m\u00e4nnliche Sprachform verwendet. S\u00e4mtliche Ausf\u00fchrungen gelten nat\u00fcrlich f\u00fcr M\u00e4nner und Frauen in gleicher Weise.<\/p>\n\n\n\n<p><strong>\u00a7 1 Anwendungs- und Geltungsbereich<\/strong><\/p>\n\n\n\n<p>Diese Allgemeinen Gesch\u00e4ftsbedingungen (im Folgenden kurz &#8220;AGB&#8221; genannt) der ALPENRIND GmbH (im Folgenden kurz &#8220;Verk\u00e4ufer&#8221; genannt) gelten f\u00fcr alle Vertr\u00e4ge \u00fcber den Kauf und die Lieferung von Waren, die ein Verbraucher (im Folgenden kurz &#8220;Kunde&#8221; genannt) mit dem Verk\u00e4ufer hinsichtlich der vom Verk\u00e4ufer in seinem Online-Shop dargestellten Waren abschlie\u00dft.<\/p>\n\n\n\n<p>Unternehmer im Sinne dieser AGB ist eine nat\u00fcrliche oder juristische Person oder eine rechtsf\u00e4hige Personengesellschaft, die bei Abschluss eines Rechtsgesch\u00e4fts in Aus\u00fcbung ihrer gewerblichen oder selbst\u00e4ndigen beruflichen T\u00e4tigkeit handelt.<\/p>\n\n\n\n<p>Verbraucher im Sinne dieser AGB ist jede nat\u00fcrliche Person, die ein Rechtsgesch\u00e4ft zu Zwecken abschlie\u00dft, welches \u00fcberwiegend weder ihrer gewerblichen noch ihrer selbst\u00e4ndigen beruflichen T\u00e4tigkeit zugerechnet werden kann.<\/p>\n\n\n\n<p>Eigene Gesch\u00e4ftsbedingungen des Kunden kommen nicht zur Anwendung und werden ausdr\u00fccklich widersprochen.<\/p>\n\n\n\n<p><strong>\u00a7 2 Zustandekommen des Vertragsschlusses<\/strong><\/p>\n\n\n\n<p>a) Die im Online-Shop des Verk\u00e4ufers enthaltenen Produktbeschreibungen stellen keine verbindlichen Angebote seitens des Verk\u00e4ufers dar, sondern dienen zur Abgabe eines verbindlichen Angebots durch den Kunden.<\/p>\n\n\n\n<p>b) Der Kunde kann das Angebot \u00fcber das in den Online-Shop des Verk\u00e4ufers integrierte Bestellformular abgeben (ausschlie\u00dflich unter www.alpenrind.at). Dabei gibt der Kunde, nachdem er die ausgew\u00e4hlten Waren in den virtuellen Warenkorb gelegt und den elektronischen Bestellprozess durchlaufen hat, durch Klicken des den Bestellvorgang abschlie\u00dfenden Buttons ein rechtlich verbindliches Vertragsangebot in Bezug auf die im Warenkorb enthaltenen Waren ab.<br>Die Abgabe des Angebots kann ausschlie\u00dflich \u00fcber das Bestellformular im Onlineshop des Verk\u00e4ufers abgegeben werden.<\/p>\n\n\n\n<p>c) Der Verk\u00e4ufer kann das Angebot des Kunden innerhalb von f\u00fcnf Werktagen durch nachfolgend aufgef\u00fchrte Handlungen annehmen:<\/p>\n\n\n\n<p>i) dem Kunden wird durch den Verk\u00e4ufer eine Auftragsbest\u00e4tigung in Textform (ausschlie\u00dflich per E-Mail) \u00fcbermittelt, wobei insoweit der Zugang der Auftragsbest\u00e4tigung beim Kunden ma\u00dfgeblich ist, oder<\/p>\n\n\n\n<p>ii) der Verk\u00e4ufer dem Kunden die bestellte Ware liefert, wobei insoweit der Zugang der Ware beim Kunden ma\u00dfgeblich ist, oder<\/p>\n\n\n\n<p>iii) der Verk\u00e4ufer den Kunden nach Abgabe von dessen Bestellung zur Zahlung auffordert.<\/p>\n\n\n\n<p>Liegen mehrere der vorgenannten Alternativen vor, kommt der Vertrag in dem Zeitpunkt zustande, in dem eine der vorgenannten Alternativen zuerst eintritt. Die Frist zur Annahme des Angebots beginnt am Tag nach der Absendung des Angebots durch den Kunden zu laufen und endet mit dem Ablauf des f\u00fcnften Werktages, welcher auf die Absendung des Angebots folgt. Nimmt der Verk\u00e4ufer das Angebot des Kunden innerhalb vorgenannter Frist nicht an, so gilt dies als Ablehnung des Angebots mit der Folge, dass der Kunde nicht mehr an seine Willenserkl\u00e4rung gebunden ist.<\/p>\n\n\n\n<p>d) Bei der Abgabe eines Angebots \u00fcber das Online-Bestellformular des Verk\u00e4ufers wird der Vertragstext vom Verk\u00e4ufer gespeichert und dem Kunden nach Absendung seiner Bestellung nebst den vorliegenden AGB in Textform per E-Mail zugesandt. Zus\u00e4tzlich wird der Vertragstext auf der Internetseite des Verk\u00e4ufers archiviert und kann vom Kunden \u00fcber sein passwortgesch\u00fctztes Kundenkonto unter Angabe der entsprechenden Login-Daten kostenlos abgerufen werden, sofern der Kunde vor Absendung seiner Bestellung ein Kundenkonto im Online-Shop des Verk\u00e4ufers angelegt hat.<\/p>\n\n\n\n<p>e) Vor verbindlicher Abgabe der Bestellung \u00fcber das Online-Bestellformular des Verk\u00e4ufers kann der Kunde m\u00f6gliche Eingabefehler durch aufmerksames Lesen der auf dem Bildschirm dargestellten Informationen erkennen. Ein wirksames technisches Mittel zur besseren Erkennung von Eingabefehlern kann dabei die Vergr\u00f6\u00dferungsfunktion des Browsers sein, mit deren Hilfe die Darstellung auf dem Bildschirm vergr\u00f6\u00dfert wird. Seine Eingaben kann der Kunde im Rahmen des elektronischen Bestellprozesses so lange \u00fcber die \u00fcblichen Tastatur- und Mausfunktionen korrigieren, bis er den Bestellvorgang mittels abschlie\u00dfenden Button anklickt und abschlie\u00dft.<\/p>\n\n\n\n<p>f) Der Onlineshop steht ausschlie\u00dflich in deutscher Sprache zur Verf\u00fcgung. Diese ist f\u00fcr den Vertragsabschluss ma\u00dfgeblich.<\/p>\n\n\n\n<p><strong>\u00a7 3 Widerrufsrecht<\/strong><\/p>\n\n\n\n<p>Dem Kunden (Verbraucher) steht ein grunds\u00e4tzliches Widerrufsrecht nach den geltenden rechtlichen Regelungen zu. N\u00e4here Informationen zum Widerrufsrecht stehen f\u00fcr die Verbraucher unter dem Punkt \u201e<a href=\"https:\/\/www.alpenrind.at\/en\/widerruf\/\">Widerrufsrecht<\/a>\u201c zur Verf\u00fcgung. Hier findet der Verbraucher die Widerrufsbelehrung sowie das Musterformular. Diese Informationen sowie das Musterformular ist auf der Homepage des Onlineshops des Verk\u00e4ufers unter dem Punkt <a href=\"https:\/\/www.alpenrind.at\/en\/widerruf\/\">Widerrufsrecht <\/a>zu finden.<\/p>\n\n\n\n<p><strong>\u00a7 4 Preise und Zahlungsbedingungen<\/strong><\/p>\n\n\n\n<p>a) Sofern sich aus der Produktbeschreibung des Verk\u00e4ufers nichts anderes ergibt, handelt es sich bei den angegebenen Preisen um Gesamtpreise, welche die gesetzliche Umsatzsteuer enthalten. Gegebenenfalls zus\u00e4tzlich anfallende Liefer- und Versandkosten werden in der jeweiligen Produktbeschreibung gesondert angegeben.<\/p>\n\n\n\n<p>b) Eine Abgabe der Waren ist nur in Haushalts\u00fcblichen Mengen m\u00f6glich und auf maximal 10 Warenst\u00fccke pro Kunde beschr\u00e4nkt.<\/p>\n\n\n\n<p>c) Die Zahlungsm\u00f6glichkeiten wird dem Kunden im Online-Shop des Verk\u00e4ufers mitgeteilt.<\/p>\n\n\n\n<p>d) Der Kunde hat die M\u00f6glichkeit die Zahlung per Kreditkarte durchzuf\u00fchren.<\/p>\n\n\n\n<p>e) Bei Auswahl der Zahlungsart Kreditkarte ist der Rechnungsbetrag mit Vertragsschluss sofort f\u00e4llig. Die Abwicklung der Zahlungsart Kreditkartenzahlung erfolgt in Zusammenarbeit mit der Stripe Inc., 510 Townsend Street, San Francisco, CA 94103, USA (www.stripe.com) an die der Anbieter seine Zahlungsforderung abtritt. Die Stripe Inc. zieht den Rechnungsbetrag vom angegebenen Kreditkartenkonto des Kunden ein. Im Falle der Abtretung kann nur an die Stripe Inc. mit schuldbefreiender Wirkung geleistet werden. Die Belastung der Kreditkarte erfolgt umgehend nach Absendung der Kundenbestellung im Online-Shop. Der Anbieter bleibt auch bei Auswahl der Zahlungsart Kreditkartenzahlung \u00fcber die Stripe Inc. zust\u00e4ndig f\u00fcr allgemeine Kundenanfragen z.B. zur Ware, Lieferzeit, Versendung, Retouren, Reklamationen, Widerrufserkl\u00e4rungen und -zusendungen oder Gutschriften.<\/p>\n\n\n\n<p><strong>\u00a7 5 Liefer- und Versandbedingungen<\/strong><\/p>\n\n\n\n<p>a) Die Lieferung von Waren erfolgt auf dem Versandweg an die vom Kunden angegebene Lieferanschrift, sofern nichts anderes vereinbart ist. Bei der Abwicklung der Transaktion ist die in der Bestellabwicklung des Verk\u00e4ufers angegebene Lieferanschrift ma\u00dfgeblich.<\/p>\n\n\n\n<p>b) Sendet das Transportunternehmen die versandte Ware an den Verk\u00e4ufer zur\u00fcck, da eine Zustellung beim Kunden nicht m\u00f6glich war, tr\u00e4gt der Kunde die Kosten f\u00fcr den erfolglosen Versand . Dies gilt nicht, wenn der Kunde den Umstand, der zur Unm\u00f6glichkeit der Zustellung gef\u00fchrt hat, nicht zu vertreten hat oder wenn er vor\u00fcbergehend an der Annahme der angebotenen Leistung verhindert war, es sei denn, dass der Verk\u00e4ufer ihm die Leistung eine angemessene Zeit vorher angek\u00fcndigt hatte. Ferner gilt dies im Hinblick auf die Kosten f\u00fcr die Hinsendung nicht, wenn der Kunde sein Widerrufsrecht wirksam aus\u00fcbt. F\u00fcr die R\u00fccksendekosten gilt bei wirksamer Aus\u00fcbung des Widerrufsrechts durch den Kunden die in der Widerrufsbelehrung des Verk\u00e4ufers hierzu getroffene Regelung.<\/p>\n\n\n\n<p>c) Weitere Informationen zum Versand und R\u00fcckversand finden Sie unter Versandinformationen (<a href=\"https:\/\/www.alpenrind.at\/en\/versand__lieferung\/\">hier klicken<\/a>).<\/p>\n\n\n\n<p><strong>\u00a7 6 Eigentumsvorbehalt<\/strong><\/p>\n\n\n\n<p>Tritt der Verk\u00e4ufer aus wie auch immer gearteten Gr\u00fcnden in Vorleistung, beh\u00e4lt er sich bis zur vollst\u00e4ndigen Bezahlung des geschuldeten Kaufpreises das Eigentum an der gelieferten Ware vor.<\/p>\n\n\n\n<p><strong>\u00a7 7 M\u00e4ngelhaftung (Gew\u00e4hrleistung)<\/strong><\/p>\n\n\n\n<p>a) Bei einer mangelhaften Kaufsache gelten die gesetzlichen Bestimmungen zur Gew\u00e4hrleistung.<\/p>\n\n\n\n<p>b) Der Kunde wird gebeten, angelieferte Waren mit offensichtlichen Transportsch\u00e4den bei dem Zusteller zu reklamieren und den Verk\u00e4ufer hiervon in Kenntnis zu setzen. Kommt der Kunde dem nicht nach, hat dies keinerlei Auswirkungen auf seine gesetzlichen oder vertraglichen Anspr\u00fcche.<\/p>\n\n\n\n<p><strong>\u00a7 8 Anwendbares Recht<\/strong><\/p>\n\n\n\n<p>Es gilt \u00f6sterreichisches Recht unter Ausschluss der Kollisionsnormen und des UN-Kaufrechts. Im Falle der Anwendbarkeit von Artikel 6 Abs 1 Rom-I-VO f\u00fchrt diese Rechtswahl nicht dazu, dass dem Verbraucher der erg\u00e4nzende Schutz durch zwingende Bestimmungen des Verbraucherstaatrechts entzogen wird.<\/p>\n\n\n\n<p><strong>\u00a7 9 Gerichtsstand<\/strong><\/p>\n\n\n\n<p>Der Gerichtsstand f\u00fcr alle Klagen aus einem Vertragsverh\u00e4ltnis mit dem Verk\u00e4ufer ist der Sitz des Verk\u00e4ufers.<br>F\u00fcr Klagen, die einen Vertrag zwischen dem Verk\u00e4ufer und einem Verbraucher im Sinne des Konsumentenschutzgesetzes (KSchG) betreffen, gilt der Gerichtsstand im Inland als vereinbart, in dessen Sprengel der Verbraucher seinen Wohnsitz, seinen gew\u00f6hnlichen Aufenthalt oder den Ort seiner Besch\u00e4ftigung hat.<br>Sollte eine Bestimmung dieses Vertrags unwirksam sein, wird die Wirksamkeit der \u00fcbrigen Bestimmungen davon nicht ber\u00fchrt.<\/p>\n\n\n\n<p><strong>\u00a7 10 Alternative Streitbeilegung<\/strong><\/p>\n\n\n\n<p>a) Die EU-Kommission stellt im Internet unter folgendem Link eine Plattform zur Online-Streitbeilegung bereit: <a href=\"https:\/\/ec.europa.eu\/consumers\/odr\" target=\"_blank\" rel=\"noreferrer noopener\">https:\/\/ec.europa.eu\/consumers\/odr<\/a>. Diese Plattform dient als Anlaufstelle zur au\u00dfergerichtlichen Beilegung von Streitigkeiten aus Online-Kauf- oder Dienstleistungsvertr\u00e4gen, an denen ein Verbraucher beteiligt ist.<\/p>\n\n\n\n<p>b) Der Verk\u00e4ufer ist zur Teilnahme an einem Streitbeilegungsverfahren vor einer Verbraucherschlichtungsstelle weder verpflichtet noch bereit.<\/p>\n","protected":false},"excerpt":{"rendered":"<p>ALPENRIND Kontaktdaten des Anbieters:ALPENRIND GmbHMetzgerstra\u00dfe 675020 SalzburgE-Mail: webshop@alpenrind.at UID-Nummer: ATU43716608Firmenbuch: FN 165615 bGerichtsstand: Salzburg Allgemeines Aus Gr\u00fcnden der leichteren Lesbarkeit wird auf den folgenden Seiten die m\u00e4nnliche Sprachform&hellip;<\/p>\n","protected":false},"author":2,"featured_media":0,"parent":0,"menu_order":101,"comment_status":"closed","ping_status":"closed","template":"","meta":{"_acf_changed":false,"footnotes":""},"class_list":["post-1718","page","type-page","status-publish","has-post-thumbnail","hentry"],"acf":[],"_links":{"self":[{"href":"https:\/\/www.alpenrind.at\/en\/wp-json\/wp\/v2\/pages\/1718","targetHints":{"allow":["GET"]}}],"collection":[{"href":"https:\/\/www.alpenrind.at\/en\/wp-json\/wp\/v2\/pages"}],"about":[{"href":"https:\/\/www.alpenrind.at\/en\/wp-json\/wp\/v2\/types\/page"}],"author":[{"embeddable":true,"href":"https:\/\/www.alpenrind.at\/en\/wp-json\/wp\/v2\/users\/2"}],"replies":[{"embeddable":true,"href":"https:\/\/www.alpenrind.at\/en\/wp-json\/wp\/v2\/comments?post=1718"}],"version-history":[{"count":1,"href":"https:\/\/www.alpenrind.at\/en\/wp-json\/wp\/v2\/pages\/1718\/revisions"}],"predecessor-version":[{"id":1721,"href":"https:\/\/www.alpenrind.at\/en\/wp-json\/wp\/v2\/pages\/1718\/revisions\/1721"}],"wp:attachment":[{"href":"https:\/\/www.alpenrind.at\/en\/wp-json\/wp\/v2\/media?parent=1718"}],"curies":[{"name":"wp","href":"https:\/\/api.w.org\/{rel}","templated":true}]}}