{"id":3537,"date":"2021-09-28T10:48:41","date_gmt":"2021-09-28T08:48:41","guid":{"rendered":"https:\/\/www.alpenrind.at\/?post_type=product&#038;p=3537"},"modified":"2025-06-17T11:55:18","modified_gmt":"2025-06-17T09:55:18","slug":"steakpaket-die-besten-steaks-fuer-kenner","status":"publish","type":"product","link":"https:\/\/www.alpenrind.at\/en\/product\/steakpaket-die-besten-steaks-fuer-kenner\/","title":{"rendered":"Steakpaket \u201edie besten Steaks f\u00fcr Kenner\u201c"},"content":{"rendered":"<p><strong>Top-Rindfleischqualit\u00e4t zum fairen Preis<\/strong><\/p>\n<p>Warum nicht mal die sch\u00f6nen Fr\u00fchlingstage gem\u00fctlich im Garten genie\u00dfen? Wir verw\u00f6hnen Sie mit ausgezeichnetem Grillfleisch von ALPENRIND.<\/p>\n<p>Das Paket besteht aus den besten St\u00fccken von \u00f6sterreichischen Jungstieren, Kalbinnen und Ochsen.<\/p>\n<p>Gesamtgewicht: mindestens 15,70 kg<\/p>\n<ul>\n<li>2 Packungen Beiried<\/li>\n<li>2 Packungen Rostbraten<\/li>\n<li>1 Packung Filet<\/li>\n<\/ul>\n<p>Die gek\u00fchlte Lieferung per Post erfolgt als kostenloser Service von uns.<br \/>\nMaximale Abgabemenge: 10 Stk.<\/p>\n","protected":false},"excerpt":{"rendered":"<p>Das Paket besteht aus den besten St\u00fccken von \u00f6sterreichischen Jungstieren, Kalbinnen und Ochsen.<\/p>\n<p>Maximale Abgabemenge: 10 Stk.<\/p>\n","protected":false},"featured_media":2892,"template":"","meta":{"_acf_changed":false},"product_brand":[],"product_cat":[76],"product_tag":[],"class_list":{"0":"post-3537","1":"product","2":"type-product","3":"status-publish","4":"has-post-thumbnail","6":"product_cat-rind","8":"first","9":"instock","10":"taxable","11":"shipping-taxable","12":"purchasable","13":"product-type-simple"},"acf":[],"_links":{"self":[{"href":"https:\/\/www.alpenrind.at\/en\/wp-json\/wp\/v2\/product\/3537","targetHints":{"allow":["GET"]}}],"collection":[{"href":"https:\/\/www.alpenrind.at\/en\/wp-json\/wp\/v2\/product"}],"about":[{"href":"https:\/\/www.alpenrind.at\/en\/wp-json\/wp\/v2\/types\/product"}],"wp:featuredmedia":[{"embeddable":true,"href":"https:\/\/www.alpenrind.at\/en\/wp-json\/wp\/v2\/media\/2892"}],"wp:attachment":[{"href":"https:\/\/www.alpenrind.at\/en\/wp-json\/wp\/v2\/media?parent=3537"}],"wp:term":[{"taxonomy":"product_brand","embeddable":true,"href":"https:\/\/www.alpenrind.at\/en\/wp-json\/wp\/v2\/product_brand?post=3537"},{"taxonomy":"product_cat","embeddable":true,"href":"https:\/\/www.alpenrind.at\/en\/wp-json\/wp\/v2\/product_cat?post=3537"},{"taxonomy":"product_tag","embeddable":true,"href":"https:\/\/www.alpenrind.at\/en\/wp-json\/wp\/v2\/product_tag?post=3537"}],"curies":[{"name":"wp","href":"https:\/\/api.w.org\/{rel}","templated":true}]}}